{"id":296,"date":"2024-10-29T23:07:49","date_gmt":"2024-10-29T22:07:49","guid":{"rendered":"https:\/\/eriete.es\/our-vision\/"},"modified":"2024-11-05T09:28:18","modified_gmt":"2024-11-05T08:28:18","slug":"our-vision","status":"publish","type":"page","link":"https:\/\/eriete.es\/en\/our-vision\/","title":{"rendered":"Our vision"},"content":{"rendered":"\t\t<div data-elementor-type=\"wp-page\" data-elementor-id=\"296\" class=\"elementor elementor-296\">\n\t\t\t\t<div class=\"elementor-element elementor-element-cf90222 e-flex e-con-boxed e-con e-parent\" data-id=\"cf90222\" data-element_type=\"container\" data-e-type=\"container\" data-settings=\"{&quot;background_background&quot;:&quot;classic&quot;}\">\n\t\t\t\t\t<div class=\"e-con-inner\">\n\t\t\t\t<div class=\"elementor-element elementor-element-18e44b00 elementor-widget elementor-widget-heading\" data-id=\"18e44b00\" data-element_type=\"widget\" data-e-type=\"widget\" data-widget_type=\"heading.default\">\n\t\t\t\t<div class=\"elementor-widget-container\">\n\t\t\t\t\t<h1 class=\"elementor-heading-title elementor-size-default\">Our Vision<\/h1>\t\t\t\t<\/div>\n\t\t\t\t<\/div>\n\t\t\t\t<div class=\"elementor-element elementor-element-5157563d elementor-widget elementor-widget-text-editor\" data-id=\"5157563d\" data-element_type=\"widget\" data-e-type=\"widget\" data-widget_type=\"text-editor.default\">\n\t\t\t\t<div class=\"elementor-widget-container\">\n\t\t\t\t\t\t\t\t\t<p>We create wines that combine history and authenticity, inspired by their heritage and surrounded by ancient vineyards. Each bottle honors the past and reflects values of nobility, artisanal dedication and respect for the environment. Eriete wines invite you to enjoy special moments with quality and tradition in every glass.  <\/p>\n\t\t\t\t\t\t\t\t<\/div>\n\t\t\t\t<\/div>\n\t\t\t\t\t<\/div>\n\t\t\t\t<\/div>\n\t\t<div class=\"elementor-element elementor-element-544edee7 e-flex e-con-boxed e-con e-parent\" data-id=\"544edee7\" data-element_type=\"container\" data-e-type=\"container\" data-settings=\"{&quot;background_background&quot;:&quot;classic&quot;}\">\n\t\t\t\t\t<div class=\"e-con-inner\">\n\t\t\t\t<div class=\"elementor-element elementor-element-9ea3c95 elementor-widget elementor-widget-heading\" data-id=\"9ea3c95\" data-element_type=\"widget\" data-e-type=\"widget\" data-widget_type=\"heading.default\">\n\t\t\t\t<div class=\"elementor-widget-container\">\n\t\t\t\t\t<h2 class=\"elementor-heading-title elementor-size-default\">A Legacy in Every Wine<\/h2>\t\t\t\t<\/div>\n\t\t\t\t<\/div>\n\t\t\t\t<div class=\"elementor-element elementor-element-3e8597b1 elementor-widget elementor-widget-text-editor\" data-id=\"3e8597b1\" data-element_type=\"widget\" data-e-type=\"widget\" data-widget_type=\"text-editor.default\">\n\t\t\t\t<div class=\"elementor-widget-container\">\n\t\t\t\t\t\t\t\t\t<p>Eriete is not just a wine; it is history, art and tradition. Inspired by the rich heritage of the Se\u00f1or\u00edo de Eriete, where time seems to stand still within the walls of a Renaissance palace and a church dedicated to San Adri\u00e1n, our wines capture the essence of a noble land surrounded by ancient vineyards. Each bottle is an invitation to discover a legacy.  <\/p>\n\t\t\t\t\t\t\t\t<\/div>\n\t\t\t\t<\/div>\n\t\t<div class=\"elementor-element elementor-element-5092252 e-con-full e-flex e-con e-child\" data-id=\"5092252\" data-element_type=\"container\" data-e-type=\"container\" data-settings=\"{&quot;background_background&quot;:&quot;classic&quot;}\">\n\t\t\t\t<div class=\"elementor-element elementor-element-77f54ba elementor-widget elementor-widget-image\" data-id=\"77f54ba\" data-element_type=\"widget\" data-e-type=\"widget\" data-widget_type=\"image.default\">\n\t\t\t\t<div class=\"elementor-widget-container\">\n\t\t\t\t\t\t\t\t\t\t\t\t\t\t\t<img decoding=\"async\" width=\"150\" height=\"183\" src=\"https:\/\/eriete.es\/wp-content\/uploads\/2024\/10\/cropped-Logo-Eriete-Negro.webp\" class=\"attachment-large size-large wp-image-57\" alt=\"\" \/>\t\t\t\t\t\t\t\t\t\t\t\t\t\t\t<\/div>\n\t\t\t\t<\/div>\n\t\t\t\t<\/div>\n\t\t\t\t\t<\/div>\n\t\t\t\t<\/div>\n\t\t<div class=\"elementor-element elementor-element-e0bac92 e-flex e-con-boxed e-con e-parent\" data-id=\"e0bac92\" data-element_type=\"container\" data-e-type=\"container\" data-settings=\"{&quot;background_background&quot;:&quot;classic&quot;}\">\n\t\t\t\t\t<div class=\"e-con-inner\">\n\t\t\t\t<div class=\"elementor-element elementor-element-015197d elementor-widget elementor-widget-heading\" data-id=\"015197d\" data-element_type=\"widget\" data-e-type=\"widget\" data-widget_type=\"heading.default\">\n\t\t\t\t<div class=\"elementor-widget-container\">\n\t\t\t\t\t<h2 class=\"elementor-heading-title elementor-size-default\">Origin and Authenticity<\/h2>\t\t\t\t<\/div>\n\t\t\t\t<\/div>\n\t\t\t\t<div class=\"elementor-element elementor-element-82309ac elementor-widget elementor-widget-text-editor\" data-id=\"82309ac\" data-element_type=\"widget\" data-e-type=\"widget\" data-widget_type=\"text-editor.default\">\n\t\t\t\t<div class=\"elementor-widget-container\">\n\t\t\t\t\t\t\t\t\t<p>Our wines are born in soils with centuries of history, steeped in the authenticity of Eriete. From the family crest, which adorns the ancient palace, to each hand-harvested cluster, our process respects the roots and revives the flavors that time has treasured. Eriete celebrates tradition without losing sight of innovation, creating unique wines that look to the future.  <\/p>\n\t\t\t\t\t\t\t\t<\/div>\n\t\t\t\t<\/div>\n\t\t\t\t\t<\/div>\n\t\t\t\t<\/div>\n\t\t<div class=\"elementor-element elementor-element-877d281 e-flex e-con-boxed e-con e-parent\" data-id=\"877d281\" data-element_type=\"container\" data-e-type=\"container\" data-settings=\"{&quot;background_background&quot;:&quot;classic&quot;}\">\n\t\t\t\t\t<div class=\"e-con-inner\">\n\t\t\t\t<div class=\"elementor-element elementor-element-ce36d44 elementor-widget elementor-widget-heading\" data-id=\"ce36d44\" data-element_type=\"widget\" data-e-type=\"widget\" data-widget_type=\"heading.default\">\n\t\t\t\t<div class=\"elementor-widget-container\">\n\t\t\t\t\t<h2 class=\"elementor-heading-title elementor-size-default\">A Toast to History<\/h2>\t\t\t\t<\/div>\n\t\t\t\t<\/div>\n\t\t\t\t<div class=\"elementor-element elementor-element-ad1635c elementor-widget elementor-widget-text-editor\" data-id=\"ad1635c\" data-element_type=\"widget\" data-e-type=\"widget\" data-widget_type=\"text-editor.default\">\n\t\t\t\t<div class=\"elementor-widget-container\">\n\t\t\t\t\t\t\t\t\t<p>Eriete wines are an experience for those who value the authentic and the special. We invite you to enjoy a flavor full of history, a quality that can be felt in every sip, and a land that we want to share with you. <\/p>\n\t\t\t\t\t\t\t\t<\/div>\n\t\t\t\t<\/div>\n\t\t\t\t\t<\/div>\n\t\t\t\t<\/div>\n\t\t\t\t<\/div>\n\t\t","protected":false},"excerpt":{"rendered":"<p>Our Vision We create wines that combine history and authenticity, inspired by their heritage and surrounded by ancient vineyards. Each [&hellip;]<\/p>\n","protected":false},"author":257619796,"featured_media":0,"parent":0,"menu_order":0,"comment_status":"closed","ping_status":"closed","template":"","meta":{"site-sidebar-layout":"no-sidebar","site-content-layout":"","ast-site-content-layout":"full-width-container","site-content-style":"default","site-sidebar-style":"default","ast-global-header-display":"","ast-banner-title-visibility":"","ast-main-header-display":"","ast-hfb-above-header-display":"","ast-hfb-below-header-display":"","ast-hfb-mobile-header-display":"","site-post-title":"disabled","ast-breadcrumbs-content":"","ast-featured-img":"disabled","footer-sml-layout":"","theme-transparent-header-meta":"","adv-header-id-meta":"","stick-header-meta":"","header-above-stick-meta":"","header-main-stick-meta":"","header-below-stick-meta":"","astra-migrate-meta-layouts":"default","ast-page-background-enabled":"default","ast-page-background-meta":{"desktop":{"background-color":"var(--ast-global-color-4)","background-image":"","background-repeat":"repeat","background-position":"center center","background-size":"auto","background-attachment":"scroll","background-type":"","background-media":"","overlay-type":"","overlay-color":"","overlay-opacity":"","overlay-gradient":""},"tablet":{"background-color":"","background-image":"","background-repeat":"repeat","background-position":"center center","background-size":"auto","background-attachment":"scroll","background-type":"","background-media":"","overlay-type":"","overlay-color":"","overlay-opacity":"","overlay-gradient":""},"mobile":{"background-color":"","background-image":"","background-repeat":"repeat","background-position":"center center","background-size":"auto","background-attachment":"scroll","background-type":"","background-media":"","overlay-type":"","overlay-color":"","overlay-opacity":"","overlay-gradient":""}},"ast-content-background-meta":{"desktop":{"background-color":"var(--ast-global-color-5)","background-image":"","background-repeat":"repeat","background-position":"center center","background-size":"auto","background-attachment":"scroll","background-type":"","background-media":"","overlay-type":"","overlay-color":"","overlay-opacity":"","overlay-gradient":""},"tablet":{"background-color":"var(--ast-global-color-5)","background-image":"","background-repeat":"repeat","background-position":"center center","background-size":"auto","background-attachment":"scroll","background-type":"","background-media":"","overlay-type":"","overlay-color":"","overlay-opacity":"","overlay-gradient":""},"mobile":{"background-color":"var(--ast-global-color-5)","background-image":"","background-repeat":"repeat","background-position":"center center","background-size":"auto","background-attachment":"scroll","background-type":"","background-media":"","overlay-type":"","overlay-color":"","overlay-opacity":"","overlay-gradient":""}},"footnotes":""},"class_list":["post-296","page","type-page","status-publish","hentry"],"yoast_head":"<!-- This site is optimized with the Yoast SEO plugin v24.7 - https:\/\/yoast.com\/wordpress\/plugins\/seo\/ -->\n<title>Our vision - Palacio de Eriete<\/title>\n<meta name=\"robots\" content=\"index, follow, max-snippet:-1, max-image-preview:large, max-video-preview:-1\" \/>\n<link rel=\"canonical\" href=\"https:\/\/eriete.es\/en\/our-vision\/\" \/>\n<meta property=\"og:locale\" content=\"en_US\" \/>\n<meta property=\"og:type\" content=\"article\" \/>\n<meta property=\"og:title\" content=\"Our vision - Palacio de Eriete\" \/>\n<meta property=\"og:description\" content=\"Our Vision We create wines that combine history and authenticity, inspired by their heritage and surrounded by ancient vineyards. Each [&hellip;]\" \/>\n<meta property=\"og:url\" content=\"https:\/\/eriete.es\/en\/our-vision\/\" \/>\n<meta property=\"og:site_name\" content=\"Palacio de Eriete\" \/>\n<meta property=\"article:modified_time\" content=\"2024-11-05T08:28:18+00:00\" \/>\n<meta property=\"og:image\" content=\"https:\/\/eriete.es\/wp-content\/uploads\/2024\/10\/cropped-Logo-Eriete-Negro.webp\" \/>\n\t<meta property=\"og:image:width\" content=\"150\" \/>\n\t<meta property=\"og:image:height\" content=\"183\" \/>\n\t<meta property=\"og:image:type\" content=\"image\/webp\" \/>\n<meta name=\"twitter:card\" content=\"summary_large_image\" \/>\n<meta name=\"twitter:label1\" content=\"Est. reading time\" \/>\n\t<meta name=\"twitter:data1\" content=\"1 minute\" \/>\n<script type=\"application\/ld+json\" class=\"yoast-schema-graph\">{\"@context\":\"https:\/\/schema.org\",\"@graph\":[{\"@type\":\"WebPage\",\"@id\":\"https:\/\/eriete.es\/en\/our-vision\/\",\"url\":\"https:\/\/eriete.es\/en\/our-vision\/\",\"name\":\"Our vision - Palacio de Eriete\",\"isPartOf\":{\"@id\":\"https:\/\/eriete.es\/en\/#website\"},\"primaryImageOfPage\":{\"@id\":\"https:\/\/eriete.es\/en\/our-vision\/#primaryimage\"},\"image\":{\"@id\":\"https:\/\/eriete.es\/en\/our-vision\/#primaryimage\"},\"thumbnailUrl\":\"https:\/\/eriete.es\/wp-content\/uploads\/2024\/10\/cropped-Logo-Eriete-Negro.webp\",\"datePublished\":\"2024-10-29T22:07:49+00:00\",\"dateModified\":\"2024-11-05T08:28:18+00:00\",\"breadcrumb\":{\"@id\":\"https:\/\/eriete.es\/en\/our-vision\/#breadcrumb\"},\"inLanguage\":\"en-US\",\"potentialAction\":[{\"@type\":\"ReadAction\",\"target\":[\"https:\/\/eriete.es\/en\/our-vision\/\"]}]},{\"@type\":\"ImageObject\",\"inLanguage\":\"en-US\",\"@id\":\"https:\/\/eriete.es\/en\/our-vision\/#primaryimage\",\"url\":\"https:\/\/eriete.es\/wp-content\/uploads\/2024\/10\/cropped-Logo-Eriete-Negro.webp\",\"contentUrl\":\"https:\/\/eriete.es\/wp-content\/uploads\/2024\/10\/cropped-Logo-Eriete-Negro.webp\"},{\"@type\":\"BreadcrumbList\",\"@id\":\"https:\/\/eriete.es\/en\/our-vision\/#breadcrumb\",\"itemListElement\":[{\"@type\":\"ListItem\",\"position\":1,\"name\":\"Portada\",\"item\":\"https:\/\/eriete.es\/en\/\"},{\"@type\":\"ListItem\",\"position\":2,\"name\":\"Our vision\"}]},{\"@type\":\"WebSite\",\"@id\":\"https:\/\/eriete.es\/en\/#website\",\"url\":\"https:\/\/eriete.es\/en\/\",\"name\":\"Palacio de Eriete\",\"description\":\"Creamos vinos que combinan historia y autenticidad, inspirados en su legado patrimonial y rodeados de vi\u00f1edos antiguos.\",\"publisher\":{\"@id\":\"https:\/\/eriete.es\/en\/#organization\"},\"potentialAction\":[{\"@type\":\"SearchAction\",\"target\":{\"@type\":\"EntryPoint\",\"urlTemplate\":\"https:\/\/eriete.es\/en\/?s={search_term_string}\"},\"query-input\":{\"@type\":\"PropertyValueSpecification\",\"valueRequired\":true,\"valueName\":\"search_term_string\"}}],\"inLanguage\":\"en-US\"},{\"@type\":\"Organization\",\"@id\":\"https:\/\/eriete.es\/en\/#organization\",\"name\":\"Palacio de Eriete\",\"url\":\"https:\/\/eriete.es\/en\/\",\"logo\":{\"@type\":\"ImageObject\",\"inLanguage\":\"en-US\",\"@id\":\"https:\/\/eriete.es\/en\/#\/schema\/logo\/image\/\",\"url\":\"https:\/\/eriete.es\/wp-content\/uploads\/2024\/10\/cropped-Logo-Eriete-Blanco.webp\",\"contentUrl\":\"https:\/\/eriete.es\/wp-content\/uploads\/2024\/10\/cropped-Logo-Eriete-Blanco.webp\",\"width\":150,\"height\":183,\"caption\":\"Palacio de Eriete\"},\"image\":{\"@id\":\"https:\/\/eriete.es\/en\/#\/schema\/logo\/image\/\"}}]}<\/script>\n<!-- \/ Yoast SEO plugin. -->","yoast_head_json":{"title":"Our vision - Palacio de Eriete","robots":{"index":"index","follow":"follow","max-snippet":"max-snippet:-1","max-image-preview":"max-image-preview:large","max-video-preview":"max-video-preview:-1"},"canonical":"https:\/\/eriete.es\/en\/our-vision\/","og_locale":"en_US","og_type":"article","og_title":"Our vision - Palacio de Eriete","og_description":"Our Vision We create wines that combine history and authenticity, inspired by their heritage and surrounded by ancient vineyards. Each [&hellip;]","og_url":"https:\/\/eriete.es\/en\/our-vision\/","og_site_name":"Palacio de Eriete","article_modified_time":"2024-11-05T08:28:18+00:00","og_image":[{"width":150,"height":183,"url":"https:\/\/eriete.es\/wp-content\/uploads\/2024\/10\/cropped-Logo-Eriete-Negro.webp","type":"image\/webp"}],"twitter_card":"summary_large_image","twitter_misc":{"Est. reading time":"1 minute"},"schema":{"@context":"https:\/\/schema.org","@graph":[{"@type":"WebPage","@id":"https:\/\/eriete.es\/en\/our-vision\/","url":"https:\/\/eriete.es\/en\/our-vision\/","name":"Our vision - Palacio de Eriete","isPartOf":{"@id":"https:\/\/eriete.es\/en\/#website"},"primaryImageOfPage":{"@id":"https:\/\/eriete.es\/en\/our-vision\/#primaryimage"},"image":{"@id":"https:\/\/eriete.es\/en\/our-vision\/#primaryimage"},"thumbnailUrl":"https:\/\/eriete.es\/wp-content\/uploads\/2024\/10\/cropped-Logo-Eriete-Negro.webp","datePublished":"2024-10-29T22:07:49+00:00","dateModified":"2024-11-05T08:28:18+00:00","breadcrumb":{"@id":"https:\/\/eriete.es\/en\/our-vision\/#breadcrumb"},"inLanguage":"en-US","potentialAction":[{"@type":"ReadAction","target":["https:\/\/eriete.es\/en\/our-vision\/"]}]},{"@type":"ImageObject","inLanguage":"en-US","@id":"https:\/\/eriete.es\/en\/our-vision\/#primaryimage","url":"https:\/\/eriete.es\/wp-content\/uploads\/2024\/10\/cropped-Logo-Eriete-Negro.webp","contentUrl":"https:\/\/eriete.es\/wp-content\/uploads\/2024\/10\/cropped-Logo-Eriete-Negro.webp"},{"@type":"BreadcrumbList","@id":"https:\/\/eriete.es\/en\/our-vision\/#breadcrumb","itemListElement":[{"@type":"ListItem","position":1,"name":"Portada","item":"https:\/\/eriete.es\/en\/"},{"@type":"ListItem","position":2,"name":"Our vision"}]},{"@type":"WebSite","@id":"https:\/\/eriete.es\/en\/#website","url":"https:\/\/eriete.es\/en\/","name":"Palacio de Eriete","description":"Creamos vinos que combinan historia y autenticidad, inspirados en su legado patrimonial y rodeados de vi\u00f1edos antiguos.","publisher":{"@id":"https:\/\/eriete.es\/en\/#organization"},"potentialAction":[{"@type":"SearchAction","target":{"@type":"EntryPoint","urlTemplate":"https:\/\/eriete.es\/en\/?s={search_term_string}"},"query-input":{"@type":"PropertyValueSpecification","valueRequired":true,"valueName":"search_term_string"}}],"inLanguage":"en-US"},{"@type":"Organization","@id":"https:\/\/eriete.es\/en\/#organization","name":"Palacio de Eriete","url":"https:\/\/eriete.es\/en\/","logo":{"@type":"ImageObject","inLanguage":"en-US","@id":"https:\/\/eriete.es\/en\/#\/schema\/logo\/image\/","url":"https:\/\/eriete.es\/wp-content\/uploads\/2024\/10\/cropped-Logo-Eriete-Blanco.webp","contentUrl":"https:\/\/eriete.es\/wp-content\/uploads\/2024\/10\/cropped-Logo-Eriete-Blanco.webp","width":150,"height":183,"caption":"Palacio de Eriete"},"image":{"@id":"https:\/\/eriete.es\/en\/#\/schema\/logo\/image\/"}}]}},"_links":{"self":[{"href":"https:\/\/eriete.es\/en\/wp-json\/wp\/v2\/pages\/296","targetHints":{"allow":["GET"]}}],"collection":[{"href":"https:\/\/eriete.es\/en\/wp-json\/wp\/v2\/pages"}],"about":[{"href":"https:\/\/eriete.es\/en\/wp-json\/wp\/v2\/types\/page"}],"author":[{"embeddable":true,"href":"https:\/\/eriete.es\/en\/wp-json\/wp\/v2\/users\/257619796"}],"replies":[{"embeddable":true,"href":"https:\/\/eriete.es\/en\/wp-json\/wp\/v2\/comments?post=296"}],"version-history":[{"count":12,"href":"https:\/\/eriete.es\/en\/wp-json\/wp\/v2\/pages\/296\/revisions"}],"predecessor-version":[{"id":787,"href":"https:\/\/eriete.es\/en\/wp-json\/wp\/v2\/pages\/296\/revisions\/787"}],"wp:attachment":[{"href":"https:\/\/eriete.es\/en\/wp-json\/wp\/v2\/media?parent=296"}],"curies":[{"name":"wp","href":"https:\/\/api.w.org\/{rel}","templated":true}]}}