{"id":298,"date":"2024-10-29T23:08:21","date_gmt":"2024-10-29T22:08:21","guid":{"rendered":"https:\/\/eriete.es\/history\/"},"modified":"2024-11-05T09:27:43","modified_gmt":"2024-11-05T08:27:43","slug":"history","status":"publish","type":"page","link":"https:\/\/eriete.es\/en\/history\/","title":{"rendered":"History"},"content":{"rendered":"\t\t<div data-elementor-type=\"wp-page\" data-elementor-id=\"298\" class=\"elementor elementor-298\">\n\t\t\t\t<div class=\"elementor-element elementor-element-79ce1ec5 e-flex e-con-boxed e-con e-parent\" data-id=\"79ce1ec5\" data-element_type=\"container\" data-e-type=\"container\" data-settings=\"{&quot;background_background&quot;:&quot;classic&quot;}\">\n\t\t\t\t\t<div class=\"e-con-inner\">\n\t\t\t\t<div class=\"elementor-element elementor-element-4d60247b elementor-widget elementor-widget-heading\" data-id=\"4d60247b\" data-element_type=\"widget\" data-e-type=\"widget\" data-widget_type=\"heading.default\">\n\t\t\t\t<div class=\"elementor-widget-container\">\n\t\t\t\t\t<h1 class=\"elementor-heading-title elementor-size-default\">Discover the history behind the Lordship of Eriete<\/h1>\t\t\t\t<\/div>\n\t\t\t\t<\/div>\n\t\t\t\t<div class=\"elementor-element elementor-element-4db92c46 elementor-widget elementor-widget-text-editor\" data-id=\"4db92c46\" data-element_type=\"widget\" data-e-type=\"widget\" data-widget_type=\"text-editor.default\">\n\t\t\t\t<div class=\"elementor-widget-container\">\n\t\t\t\t\t\t\t\t\t<p>The Se\u00f1or\u00edo de Eriete, surrounded by vineyards, is home to a 16th century Renaissance palace and a church dedicated to San Adri\u00e1n, both in abandonment. The palace preserves Castilian architectural details, and the church, built in the 19th century, includes a Gothic sculpture of the Virgin, reflecting its valuable heritage. <\/p>\n\t\t\t\t\t\t\t\t<\/div>\n\t\t\t\t<\/div>\n\t\t\t\t\t<\/div>\n\t\t\t\t<\/div>\n\t\t<div class=\"elementor-element elementor-element-995400d e-flex e-con-boxed e-con e-parent\" data-id=\"995400d\" data-element_type=\"container\" data-e-type=\"container\" data-settings=\"{&quot;background_background&quot;:&quot;classic&quot;}\">\n\t\t\t\t\t<div class=\"e-con-inner\">\n\t\t\t\t<div class=\"elementor-element elementor-element-b942bfd elementor-widget elementor-widget-heading\" data-id=\"b942bfd\" data-element_type=\"widget\" data-e-type=\"widget\" data-widget_type=\"heading.default\">\n\t\t\t\t<div class=\"elementor-widget-container\">\n\t\t\t\t\t<h2 class=\"elementor-heading-title elementor-size-default\">The history of a heritage<\/h2>\t\t\t\t<\/div>\n\t\t\t\t<\/div>\n\t\t\t\t<div class=\"elementor-element elementor-element-adc1b8f elementor-widget elementor-widget-text-editor\" data-id=\"adc1b8f\" data-element_type=\"widget\" data-e-type=\"widget\" data-widget_type=\"text-editor.default\">\n\t\t\t\t<div class=\"elementor-widget-container\">\n\t\t\t\t\t\t\t\t\t<p>Se\u00f1or\u00edo de Eriete is a historic property surrounded by vineyards that frame two emblematic buildings: a church dedicated to San Adri\u00e1n and a Renaissance palace. The original construction seems to have medieval roots and was renovated in the Baroque period, a style that can be seen in the current roofs. Today, the complex is in a state of abandonment, but retains its historical value. The Se\u00f1or\u00edo de Eriete is classified as a manor, a common legal category in the Etxauri region. Such estates abound in nearby towns such as Guendul\u00e1in and El\u00edo, reflecting the historical relevance of these territories.    <\/p>\n\t\t\t\t\t\t\t\t<\/div>\n\t\t\t\t<\/div>\n\t\t<div class=\"elementor-element elementor-element-650c4a8 e-con-full e-flex e-con e-child\" data-id=\"650c4a8\" data-element_type=\"container\" data-e-type=\"container\" data-settings=\"{&quot;background_background&quot;:&quot;classic&quot;}\">\n\t\t\t\t<\/div>\n\t\t\t\t\t<\/div>\n\t\t\t\t<\/div>\n\t\t<div class=\"elementor-element elementor-element-1f7a5c3 e-flex e-con-boxed e-con e-parent\" data-id=\"1f7a5c3\" data-element_type=\"container\" data-e-type=\"container\" data-settings=\"{&quot;background_background&quot;:&quot;classic&quot;}\">\n\t\t\t\t\t<div class=\"e-con-inner\">\n\t\t\t\t<div class=\"elementor-element elementor-element-95af46d elementor-widget elementor-widget-heading\" data-id=\"95af46d\" data-element_type=\"widget\" data-e-type=\"widget\" data-widget_type=\"heading.default\">\n\t\t\t\t<div class=\"elementor-widget-container\">\n\t\t\t\t\t<h2 class=\"elementor-heading-title elementor-size-default\">Eriete Palace (16th century)<\/h2>\t\t\t\t<\/div>\n\t\t\t\t<\/div>\n\t\t\t\t<div class=\"elementor-element elementor-element-6f006bc elementor-widget elementor-widget-text-editor\" data-id=\"6f006bc\" data-element_type=\"widget\" data-e-type=\"widget\" data-widget_type=\"text-editor.default\">\n\t\t\t\t<div class=\"elementor-widget-container\">\n\t\t\t\t\t\t\t\t\t<p>The Eriete Palace, built in the 16th century, is a clear example of the Renaissance architecture of the time and was classified as an Armory Cape. Originally, the building had a square floor plan with towers at each corner, although today only two of them remain. Over the years, the palace was adapted as a dwelling, which modified its original structure. The current structure of the palace has a horizontal fa\u00e7ade of three sections between two square towers. The base is built in ashlar, and the upper part in brick, a change that reflects the southern architectural influence brought by the Castilian conquest. Its semicircular arch in light stone stands out, with long, narrow voussoirs bearing a carved coat of arms in the central part. This shield shows the coat of arms of the palace and its lineage. Among the ruins of the manor are the remains of a medieval mill and an ancient dam known as the &#8216;dam of the Vessolla house&#8217;.       <\/p>\n\t\t\t\t\t\t\t\t<\/div>\n\t\t\t\t<\/div>\n\t\t<div class=\"elementor-element elementor-element-95670c9 e-con-full e-flex e-con e-child\" data-id=\"95670c9\" data-element_type=\"container\" data-e-type=\"container\" data-settings=\"{&quot;background_background&quot;:&quot;classic&quot;}\">\n\t\t\t\t<div class=\"elementor-element elementor-element-ede4b0d elementor-widget elementor-widget-image\" data-id=\"ede4b0d\" data-element_type=\"widget\" data-e-type=\"widget\" data-widget_type=\"image.default\">\n\t\t\t\t<div class=\"elementor-widget-container\">\n\t\t\t\t\t\t\t\t\t\t\t\t\t\t\t<img decoding=\"async\" width=\"150\" height=\"183\" src=\"https:\/\/eriete.es\/wp-content\/uploads\/2024\/10\/cropped-Logo-Eriete-Negro.webp\" class=\"attachment-large size-large wp-image-57\" alt=\"\" \/>\t\t\t\t\t\t\t\t\t\t\t\t\t\t\t<\/div>\n\t\t\t\t<\/div>\n\t\t\t\t<div class=\"elementor-element elementor-element-8b6a760 elementor-widget elementor-widget-text-editor\" data-id=\"8b6a760\" data-element_type=\"widget\" data-e-type=\"widget\" data-widget_type=\"text-editor.default\">\n\t\t\t\t<div class=\"elementor-widget-container\">\n\t\t\t\t\t\t\t\t\t<p>The coat of arms of the Palacio de Eriete is a distinctive quartered coat of arms with historical details. Carved in three central voussoirs of the main arch, it features typical elements of heraldry such as twisted hides and a decorative helmet. The symbols represented in the field of the shield show the arms associated with the lineage of the Lordship of Eriete, underlining its noble relevance and family legacy. This coat of arms carved in stone is not only a decorative emblem, but also reflects the identity and history of the property.   <\/p>\n\t\t\t\t\t\t\t\t<\/div>\n\t\t\t\t<\/div>\n\t\t\t\t<\/div>\n\t\t\t\t\t<\/div>\n\t\t\t\t<\/div>\n\t\t<div class=\"elementor-element elementor-element-10f0d03 e-flex e-con-boxed e-con e-parent\" data-id=\"10f0d03\" data-element_type=\"container\" data-e-type=\"container\" data-settings=\"{&quot;background_background&quot;:&quot;classic&quot;}\">\n\t\t\t\t\t<div class=\"e-con-inner\">\n\t\t\t\t<div class=\"elementor-element elementor-element-4c9bf2b elementor-widget elementor-widget-heading\" data-id=\"4c9bf2b\" data-element_type=\"widget\" data-e-type=\"widget\" data-widget_type=\"heading.default\">\n\t\t\t\t<div class=\"elementor-widget-container\">\n\t\t\t\t\t<h2 class=\"elementor-heading-title elementor-size-default\">St. Adrian's Church (19th century): The Evolution of a Medieval Temple<\/h2>\t\t\t\t<\/div>\n\t\t\t\t<\/div>\n\t\t\t\t<div class=\"elementor-element elementor-element-2de1dae elementor-widget elementor-widget-text-editor\" data-id=\"2de1dae\" data-element_type=\"widget\" data-e-type=\"widget\" data-widget_type=\"text-editor.default\">\n\t\t\t\t<div class=\"elementor-widget-container\">\n\t\t\t\t\t\t\t\t\t<p>The Church of San Adri\u00e1n was built at the end of the 19th century, replacing an old Romanesque church that stood on the site of the cemetery. Although it retains medieval elements, the present church has baroque interventions that enhance its historic character. This rural stone building has a single nave and a square tower attached to the wall of the epistle. Its access is located on the south wall and protected by a stone portico. The church houses a Gothic sculpture of the Virgin and Child, dating from the 14th century and of French influence. In the presbytery there is a 16th century Romanesque altarpiece, polychromed in the 19th century, accompanied by a tabernacle from the same period. On the Gospel side, there is a proto-baroque altarpiece from the first half of the 17th century, which was restored in 1852.      <\/p>\n\t\t\t\t\t\t\t\t<\/div>\n\t\t\t\t<\/div>\n\t\t\t\t\t<\/div>\n\t\t\t\t<\/div>\n\t\t\t\t<\/div>\n\t\t","protected":false},"excerpt":{"rendered":"<p>Discover the history behind the Lordship of Eriete The Se\u00f1or\u00edo de Eriete, surrounded by vineyards, is home to a 16th [&hellip;]<\/p>\n","protected":false},"author":257619796,"featured_media":0,"parent":0,"menu_order":0,"comment_status":"closed","ping_status":"closed","template":"","meta":{"site-sidebar-layout":"no-sidebar","site-content-layout":"","ast-site-content-layout":"full-width-container","site-content-style":"default","site-sidebar-style":"default","ast-global-header-display":"","ast-banner-title-visibility":"","ast-main-header-display":"","ast-hfb-above-header-display":"","ast-hfb-below-header-display":"","ast-hfb-mobile-header-display":"","site-post-title":"disabled","ast-breadcrumbs-content":"","ast-featured-img":"disabled","footer-sml-layout":"","theme-transparent-header-meta":"","adv-header-id-meta":"","stick-header-meta":"","header-above-stick-meta":"","header-main-stick-meta":"","header-below-stick-meta":"","astra-migrate-meta-layouts":"default","ast-page-background-enabled":"default","ast-page-background-meta":{"desktop":{"background-color":"var(--ast-global-color-4)","background-image":"","background-repeat":"repeat","background-position":"center center","background-size":"auto","background-attachment":"scroll","background-type":"","background-media":"","overlay-type":"","overlay-color":"","overlay-opacity":"","overlay-gradient":""},"tablet":{"background-color":"","background-image":"","background-repeat":"repeat","background-position":"center center","background-size":"auto","background-attachment":"scroll","background-type":"","background-media":"","overlay-type":"","overlay-color":"","overlay-opacity":"","overlay-gradient":""},"mobile":{"background-color":"","background-image":"","background-repeat":"repeat","background-position":"center center","background-size":"auto","background-attachment":"scroll","background-type":"","background-media":"","overlay-type":"","overlay-color":"","overlay-opacity":"","overlay-gradient":""}},"ast-content-background-meta":{"desktop":{"background-color":"var(--ast-global-color-5)","background-image":"","background-repeat":"repeat","background-position":"center center","background-size":"auto","background-attachment":"scroll","background-type":"","background-media":"","overlay-type":"","overlay-color":"","overlay-opacity":"","overlay-gradient":""},"tablet":{"background-color":"var(--ast-global-color-5)","background-image":"","background-repeat":"repeat","background-position":"center center","background-size":"auto","background-attachment":"scroll","background-type":"","background-media":"","overlay-type":"","overlay-color":"","overlay-opacity":"","overlay-gradient":""},"mobile":{"background-color":"var(--ast-global-color-5)","background-image":"","background-repeat":"repeat","background-position":"center center","background-size":"auto","background-attachment":"scroll","background-type":"","background-media":"","overlay-type":"","overlay-color":"","overlay-opacity":"","overlay-gradient":""}},"footnotes":""},"class_list":["post-298","page","type-page","status-publish","hentry"],"yoast_head":"<!-- This site is optimized with the Yoast SEO plugin v24.7 - https:\/\/yoast.com\/wordpress\/plugins\/seo\/ -->\n<title>History - Palacio de Eriete<\/title>\n<meta name=\"robots\" content=\"index, follow, max-snippet:-1, max-image-preview:large, max-video-preview:-1\" \/>\n<link rel=\"canonical\" href=\"https:\/\/eriete.es\/en\/history\/\" \/>\n<meta property=\"og:locale\" content=\"en_US\" \/>\n<meta property=\"og:type\" content=\"article\" \/>\n<meta property=\"og:title\" content=\"History - Palacio de Eriete\" \/>\n<meta property=\"og:description\" content=\"Discover the history behind the Lordship of Eriete The Se\u00f1or\u00edo de Eriete, surrounded by vineyards, is home to a 16th [&hellip;]\" \/>\n<meta property=\"og:url\" content=\"https:\/\/eriete.es\/en\/history\/\" \/>\n<meta property=\"og:site_name\" content=\"Palacio de Eriete\" \/>\n<meta property=\"article:modified_time\" content=\"2024-11-05T08:27:43+00:00\" \/>\n<meta property=\"og:image\" content=\"https:\/\/eriete.es\/wp-content\/uploads\/2024\/10\/cropped-Logo-Eriete-Negro.webp\" \/>\n\t<meta property=\"og:image:width\" content=\"150\" \/>\n\t<meta property=\"og:image:height\" content=\"183\" \/>\n\t<meta property=\"og:image:type\" content=\"image\/webp\" \/>\n<meta name=\"twitter:card\" content=\"summary_large_image\" \/>\n<meta name=\"twitter:label1\" content=\"Est. reading time\" \/>\n\t<meta name=\"twitter:data1\" content=\"3 minutes\" \/>\n<script type=\"application\/ld+json\" class=\"yoast-schema-graph\">{\"@context\":\"https:\/\/schema.org\",\"@graph\":[{\"@type\":\"WebPage\",\"@id\":\"https:\/\/eriete.es\/en\/history\/\",\"url\":\"https:\/\/eriete.es\/en\/history\/\",\"name\":\"History - Palacio de Eriete\",\"isPartOf\":{\"@id\":\"https:\/\/eriete.es\/en\/#website\"},\"primaryImageOfPage\":{\"@id\":\"https:\/\/eriete.es\/en\/history\/#primaryimage\"},\"image\":{\"@id\":\"https:\/\/eriete.es\/en\/history\/#primaryimage\"},\"thumbnailUrl\":\"https:\/\/eriete.es\/wp-content\/uploads\/2024\/10\/cropped-Logo-Eriete-Negro.webp\",\"datePublished\":\"2024-10-29T22:08:21+00:00\",\"dateModified\":\"2024-11-05T08:27:43+00:00\",\"breadcrumb\":{\"@id\":\"https:\/\/eriete.es\/en\/history\/#breadcrumb\"},\"inLanguage\":\"en-US\",\"potentialAction\":[{\"@type\":\"ReadAction\",\"target\":[\"https:\/\/eriete.es\/en\/history\/\"]}]},{\"@type\":\"ImageObject\",\"inLanguage\":\"en-US\",\"@id\":\"https:\/\/eriete.es\/en\/history\/#primaryimage\",\"url\":\"https:\/\/eriete.es\/wp-content\/uploads\/2024\/10\/cropped-Logo-Eriete-Negro.webp\",\"contentUrl\":\"https:\/\/eriete.es\/wp-content\/uploads\/2024\/10\/cropped-Logo-Eriete-Negro.webp\"},{\"@type\":\"BreadcrumbList\",\"@id\":\"https:\/\/eriete.es\/en\/history\/#breadcrumb\",\"itemListElement\":[{\"@type\":\"ListItem\",\"position\":1,\"name\":\"Portada\",\"item\":\"https:\/\/eriete.es\/en\/\"},{\"@type\":\"ListItem\",\"position\":2,\"name\":\"History\"}]},{\"@type\":\"WebSite\",\"@id\":\"https:\/\/eriete.es\/en\/#website\",\"url\":\"https:\/\/eriete.es\/en\/\",\"name\":\"Palacio de Eriete\",\"description\":\"Creamos vinos que combinan historia y autenticidad, inspirados en su legado patrimonial y rodeados de vi\u00f1edos antiguos.\",\"publisher\":{\"@id\":\"https:\/\/eriete.es\/en\/#organization\"},\"potentialAction\":[{\"@type\":\"SearchAction\",\"target\":{\"@type\":\"EntryPoint\",\"urlTemplate\":\"https:\/\/eriete.es\/en\/?s={search_term_string}\"},\"query-input\":{\"@type\":\"PropertyValueSpecification\",\"valueRequired\":true,\"valueName\":\"search_term_string\"}}],\"inLanguage\":\"en-US\"},{\"@type\":\"Organization\",\"@id\":\"https:\/\/eriete.es\/en\/#organization\",\"name\":\"Palacio de Eriete\",\"url\":\"https:\/\/eriete.es\/en\/\",\"logo\":{\"@type\":\"ImageObject\",\"inLanguage\":\"en-US\",\"@id\":\"https:\/\/eriete.es\/en\/#\/schema\/logo\/image\/\",\"url\":\"https:\/\/eriete.es\/wp-content\/uploads\/2024\/10\/cropped-Logo-Eriete-Blanco.webp\",\"contentUrl\":\"https:\/\/eriete.es\/wp-content\/uploads\/2024\/10\/cropped-Logo-Eriete-Blanco.webp\",\"width\":150,\"height\":183,\"caption\":\"Palacio de Eriete\"},\"image\":{\"@id\":\"https:\/\/eriete.es\/en\/#\/schema\/logo\/image\/\"}}]}<\/script>\n<!-- \/ Yoast SEO plugin. -->","yoast_head_json":{"title":"History - Palacio de Eriete","robots":{"index":"index","follow":"follow","max-snippet":"max-snippet:-1","max-image-preview":"max-image-preview:large","max-video-preview":"max-video-preview:-1"},"canonical":"https:\/\/eriete.es\/en\/history\/","og_locale":"en_US","og_type":"article","og_title":"History - Palacio de Eriete","og_description":"Discover the history behind the Lordship of Eriete The Se\u00f1or\u00edo de Eriete, surrounded by vineyards, is home to a 16th [&hellip;]","og_url":"https:\/\/eriete.es\/en\/history\/","og_site_name":"Palacio de Eriete","article_modified_time":"2024-11-05T08:27:43+00:00","og_image":[{"width":150,"height":183,"url":"https:\/\/eriete.es\/wp-content\/uploads\/2024\/10\/cropped-Logo-Eriete-Negro.webp","type":"image\/webp"}],"twitter_card":"summary_large_image","twitter_misc":{"Est. reading time":"3 minutes"},"schema":{"@context":"https:\/\/schema.org","@graph":[{"@type":"WebPage","@id":"https:\/\/eriete.es\/en\/history\/","url":"https:\/\/eriete.es\/en\/history\/","name":"History - Palacio de Eriete","isPartOf":{"@id":"https:\/\/eriete.es\/en\/#website"},"primaryImageOfPage":{"@id":"https:\/\/eriete.es\/en\/history\/#primaryimage"},"image":{"@id":"https:\/\/eriete.es\/en\/history\/#primaryimage"},"thumbnailUrl":"https:\/\/eriete.es\/wp-content\/uploads\/2024\/10\/cropped-Logo-Eriete-Negro.webp","datePublished":"2024-10-29T22:08:21+00:00","dateModified":"2024-11-05T08:27:43+00:00","breadcrumb":{"@id":"https:\/\/eriete.es\/en\/history\/#breadcrumb"},"inLanguage":"en-US","potentialAction":[{"@type":"ReadAction","target":["https:\/\/eriete.es\/en\/history\/"]}]},{"@type":"ImageObject","inLanguage":"en-US","@id":"https:\/\/eriete.es\/en\/history\/#primaryimage","url":"https:\/\/eriete.es\/wp-content\/uploads\/2024\/10\/cropped-Logo-Eriete-Negro.webp","contentUrl":"https:\/\/eriete.es\/wp-content\/uploads\/2024\/10\/cropped-Logo-Eriete-Negro.webp"},{"@type":"BreadcrumbList","@id":"https:\/\/eriete.es\/en\/history\/#breadcrumb","itemListElement":[{"@type":"ListItem","position":1,"name":"Portada","item":"https:\/\/eriete.es\/en\/"},{"@type":"ListItem","position":2,"name":"History"}]},{"@type":"WebSite","@id":"https:\/\/eriete.es\/en\/#website","url":"https:\/\/eriete.es\/en\/","name":"Palacio de Eriete","description":"Creamos vinos que combinan historia y autenticidad, inspirados en su legado patrimonial y rodeados de vi\u00f1edos antiguos.","publisher":{"@id":"https:\/\/eriete.es\/en\/#organization"},"potentialAction":[{"@type":"SearchAction","target":{"@type":"EntryPoint","urlTemplate":"https:\/\/eriete.es\/en\/?s={search_term_string}"},"query-input":{"@type":"PropertyValueSpecification","valueRequired":true,"valueName":"search_term_string"}}],"inLanguage":"en-US"},{"@type":"Organization","@id":"https:\/\/eriete.es\/en\/#organization","name":"Palacio de Eriete","url":"https:\/\/eriete.es\/en\/","logo":{"@type":"ImageObject","inLanguage":"en-US","@id":"https:\/\/eriete.es\/en\/#\/schema\/logo\/image\/","url":"https:\/\/eriete.es\/wp-content\/uploads\/2024\/10\/cropped-Logo-Eriete-Blanco.webp","contentUrl":"https:\/\/eriete.es\/wp-content\/uploads\/2024\/10\/cropped-Logo-Eriete-Blanco.webp","width":150,"height":183,"caption":"Palacio de Eriete"},"image":{"@id":"https:\/\/eriete.es\/en\/#\/schema\/logo\/image\/"}}]}},"_links":{"self":[{"href":"https:\/\/eriete.es\/en\/wp-json\/wp\/v2\/pages\/298","targetHints":{"allow":["GET"]}}],"collection":[{"href":"https:\/\/eriete.es\/en\/wp-json\/wp\/v2\/pages"}],"about":[{"href":"https:\/\/eriete.es\/en\/wp-json\/wp\/v2\/types\/page"}],"author":[{"embeddable":true,"href":"https:\/\/eriete.es\/en\/wp-json\/wp\/v2\/users\/257619796"}],"replies":[{"embeddable":true,"href":"https:\/\/eriete.es\/en\/wp-json\/wp\/v2\/comments?post=298"}],"version-history":[{"count":9,"href":"https:\/\/eriete.es\/en\/wp-json\/wp\/v2\/pages\/298\/revisions"}],"predecessor-version":[{"id":784,"href":"https:\/\/eriete.es\/en\/wp-json\/wp\/v2\/pages\/298\/revisions\/784"}],"wp:attachment":[{"href":"https:\/\/eriete.es\/en\/wp-json\/wp\/v2\/media?parent=298"}],"curies":[{"name":"wp","href":"https:\/\/api.w.org\/{rel}","templated":true}]}}